{"id":2929,"date":"2026-03-25T05:48:17","date_gmt":"2026-03-25T04:48:17","guid":{"rendered":"https:\/\/mylovemate.com\/?page_id=2929"},"modified":"2026-03-25T21:35:20","modified_gmt":"2026-03-25T20:35:20","slug":"om-oss","status":"publish","type":"page","link":"https:\/\/mylovemate.com\/ar\/om-oss\/","title":{"rendered":"\u0645\u0646 \u0646\u062d\u0646"},"content":{"rendered":"<div data-elementor-type=\"wp-page\" data-elementor-id=\"2929\" class=\"elementor elementor-2929\">\n\t\t\t\t<div class=\"elementor-element elementor-element-a8972b9 e-flex e-con-boxed e-con e-parent\" data-id=\"a8972b9\" data-element_type=\"container\" data-e-type=\"container\" data-settings=\"{&quot;background_background&quot;:&quot;classic&quot;}\">\n\t\t\t\t\t<div class=\"e-con-inner\">\n\t\t\t\t<div class=\"elementor-element elementor-element-3305b91 elementor-widget elementor-widget-text-editor\" data-id=\"3305b91\" data-element_type=\"widget\" data-e-type=\"widget\" data-widget_type=\"text-editor.default\">\n\t\t\t\t\t\t\t\t\t<blockquote data-path-to-node=\"9\">\n<p data-path-to-node=\"9,0\">EN<\/p>\n<p data-path-to-node=\"9,0\">\"\u0645\u0627\u064a \u0644\u0648\u0641 \u0645\u064a\u062a \u0647\u064a \u0645\u0646\u0635\u0629 \u062a\u0648\u0627\u0635\u0644 \u0627\u062c\u062a\u0645\u0627\u0639\u064a \u0645\u0642\u0631\u0647\u0627 \u0627\u0644\u0633\u0648\u064a\u062f\u060c \u062a\u0623\u0633\u0633\u062a \u0644\u062a\u0639\u0632\u064a\u0632 \u0627\u0644\u0639\u0644\u0627\u0642\u0627\u062a \u0627\u0644\u0625\u0646\u0633\u0627\u0646\u064a\u0629 \u0627\u0644\u062c\u0627\u062f\u0629. \u0646\u062d\u0646 \u0646\u0636\u0639 \u0623\u0645\u0627\u0646\u0643 \u0643\u0623\u0648\u0644\u0648\u064a\u0629 \u0642\u0635\u0648\u0649 \u0645\u0646 \u062e\u0644\u0627\u0644 \u0628\u0646\u064a\u0629 \u062a\u062d\u062a\u064a\u0629 \u0645\u062d\u0645\u064a\u0629 \u0628\u062a\u0642\u0646\u064a\u0627\u062a Cloudflare \u0627\u0644\u0639\u0627\u0644\u0645\u064a\u0629\u060c \u0648\u0646\u0644\u062a\u0632\u0645 \u0643\u0644\u064a\u0627\u064b \u0628\u0642\u0648\u0627\u0646\u064a\u0646 \u062d\u0645\u0627\u064a\u0629 \u0627\u0644\u0628\u064a\u0627\u0646\u0627\u062a \u0627\u0644\u0623\u0648\u0631\u0648\u0628\u064a\u0629 (GDPR). \u0645\u0634\u0631\u0648\u0639\u0646\u0627 \u064a\u062f\u0645\u062c \u0628\u064a\u0646 \u0627\u0644\u062a\u0643\u0646\u0648\u0644\u0648\u062c\u064a\u0627 \u0648\u0627\u0644\u0623\u062f\u0628\u060c \u0648\u0645\u0648\u062b\u0642 \u0628\u0625\u0635\u062f\u0627\u0631\u0627\u062a\u0646\u0627 \u0627\u0644\u0623\u062f\u0628\u064a\u0629 \u0639\u0644\u0649 \u0645\u0646\u0635\u0629 \u0623\u0645\u0627\u0632\u0648\u0646\u060c \u0644\u0646\u0636\u0645\u0646 \u0644\u0643 \u0628\u064a\u0626\u0629 \u0622\u0645\u0646\u0629 \u0648\u0645\u0648\u062b\u0648\u0642\u0629 \u0628\u0639\u064a\u062f\u0627\u064b \u0639\u0646 \u0627\u0644\u0645\u0648\u0627\u0642\u0639 \u0627\u0644\u0648\u0647\u0645\u064a\u0629.\" <a href=\"https:\/\/www.amazon.com\/dp\/B0GQH6RXTY\">\u0627\u0636\u063a\u0637 \u0647\u0646\u0627<\/a><\/p>\n<p data-path-to-node=\"9,0\">SV<\/p>\n<blockquote data-path-to-node=\"5\">\n<p data-path-to-node=\"5,0\">&#8220;MyLoveMate \u00e4r en seri\u00f6s social plattform baserad i Sverige, skapad f\u00f6r att fr\u00e4mja \u00e4kta m\u00e4nskliga kontakter. Vi prioriterar din s\u00e4kerhet genom avancerad kryptering via Cloudflare och f\u00f6ljer strikt EU:s dataskyddsf\u00f6rordning (GDPR). V\u00e5r plattform \u00e4r inte bara en app; det \u00e4r ett kulturellt projekt inspirerat av litter\u00e4ra verk publicerade p\u00e5 Amazon. Vi bygger en trygg gemenskap f\u00f6r framtiden .&#8221;&nbsp; <a href=\"https:\/\/www.amazon.com\/dp\/B0GQH6RXTY\">\u0627\u0636\u063a\u0637 \u0647\u0646\u0627<\/a><\/p><blockquote data-path-to-node=\"13\"><p data-path-to-node=\"13,0\">\n<\/p><\/blockquote>\n<\/blockquote>\n<\/blockquote>\t\t\t\t\t\t\t\t<\/div>\n\t\t\t\t\t<\/div>\n\t\t\t\t<\/div>\n\t\t<div class=\"elementor-element elementor-element-bce606f e-flex e-con-boxed e-con e-parent\" data-id=\"bce606f\" data-element_type=\"container\" data-e-type=\"container\" data-settings=\"{&quot;background_background&quot;:&quot;gradient&quot;}\">\n\t\t\t\t\t<div class=\"e-con-inner\">\n\t\t<div class=\"elementor-element elementor-element-44296fe e-con-full e-flex e-con e-child\" data-id=\"44296fe\" data-element_type=\"container\" data-e-type=\"container\">\n\t\t\t\t<div class=\"elementor-element elementor-element-f14af21 elementor-widget__width-initial elementor-widget elementor-widget-image\" data-id=\"f14af21\" data-element_type=\"widget\" data-e-type=\"widget\" data-widget_type=\"image.default\">\n\t\t\t\t\t\t\t\t\t\t\t\t\t\t\t\t<a href=\"https:\/\/dash.cloudflare.com\/\">\n\t\t\t\t\t\t\t<img fetchpriority=\"high\" decoding=\"async\" width=\"420\" height=\"420\" src=\"https:\/\/mylovemate.com\/wp-content\/uploads\/2026\/03\/a88fb69acf2c84ee1026dd0918cf922a.png\" class=\"attachment-large size-large wp-image-2931\" alt=\"Cloudflare\" srcset=\"https:\/\/mylovemate.com\/wp-content\/uploads\/2026\/03\/a88fb69acf2c84ee1026dd0918cf922a.png 420w, https:\/\/mylovemate.com\/wp-content\/uploads\/2026\/03\/a88fb69acf2c84ee1026dd0918cf922a-300x300.png 300w, https:\/\/mylovemate.com\/wp-content\/uploads\/2026\/03\/a88fb69acf2c84ee1026dd0918cf922a-150x150.png 150w, https:\/\/mylovemate.com\/wp-content\/uploads\/2026\/03\/a88fb69acf2c84ee1026dd0918cf922a-12x12.png 12w, https:\/\/mylovemate.com\/wp-content\/uploads\/2026\/03\/a88fb69acf2c84ee1026dd0918cf922a-100x100.png 100w\" sizes=\"(max-width: 420px) 100vw, 420px\" \/>\t\t\t\t\t\t\t\t<\/a>\n\t\t\t\t\t\t\t\t\t\t\t\t\t\t\t<\/div>\n\t\t\t\t<\/div>\n\t\t<div class=\"elementor-element elementor-element-c93b987 e-con-full e-flex e-con e-child\" data-id=\"c93b987\" data-element_type=\"container\" data-e-type=\"container\">\n\t\t\t\t<div class=\"elementor-element elementor-element-0af4a4e elementor-widget__width-initial elementor-widget elementor-widget-image\" data-id=\"0af4a4e\" data-element_type=\"widget\" data-e-type=\"widget\" data-widget_type=\"image.default\">\n\t\t\t\t\t\t\t\t\t\t\t\t\t\t\t\t<a href=\"https:\/\/www.amazon.com\/dp\/B0GQH6RXTY\">\n\t\t\t\t\t\t\t<img decoding=\"async\" width=\"490\" height=\"490\" src=\"https:\/\/mylovemate.com\/wp-content\/uploads\/2026\/03\/download.png\" class=\"attachment-large size-large wp-image-2945\" alt=\"\" srcset=\"https:\/\/mylovemate.com\/wp-content\/uploads\/2026\/03\/download.png 490w, https:\/\/mylovemate.com\/wp-content\/uploads\/2026\/03\/download-300x300.png 300w, https:\/\/mylovemate.com\/wp-content\/uploads\/2026\/03\/download-150x150.png 150w, https:\/\/mylovemate.com\/wp-content\/uploads\/2026\/03\/download-12x12.png 12w, https:\/\/mylovemate.com\/wp-content\/uploads\/2026\/03\/download-100x100.png 100w\" sizes=\"(max-width: 490px) 100vw, 490px\" \/>\t\t\t\t\t\t\t\t<\/a>\n\t\t\t\t\t\t\t\t\t\t\t\t\t\t\t<\/div>\n\t\t\t\t<\/div>\n\t\t<div class=\"elementor-element elementor-element-e1c88a4 e-con-full e-flex e-con e-child\" data-id=\"e1c88a4\" data-element_type=\"container\" data-e-type=\"container\">\n\t\t\t\t<div class=\"elementor-element elementor-element-beb7e23 elementor-widget elementor-widget-image\" data-id=\"beb7e23\" data-element_type=\"widget\" data-e-type=\"widget\" data-widget_type=\"image.default\">\n\t\t\t\t\t\t\t\t\t\t\t\t\t\t\t\t<a href=\"https:\/\/gdpr-info.eu\/\">\n\t\t\t\t\t\t\t<img decoding=\"async\" width=\"490\" height=\"490\" src=\"https:\/\/mylovemate.com\/wp-content\/uploads\/2026\/03\/download-1.png\" class=\"attachment-large size-large wp-image-2946\" alt=\"GDPR\" srcset=\"https:\/\/mylovemate.com\/wp-content\/uploads\/2026\/03\/download-1.png 490w, https:\/\/mylovemate.com\/wp-content\/uploads\/2026\/03\/download-1-300x300.png 300w, https:\/\/mylovemate.com\/wp-content\/uploads\/2026\/03\/download-1-150x150.png 150w, https:\/\/mylovemate.com\/wp-content\/uploads\/2026\/03\/download-1-12x12.png 12w, https:\/\/mylovemate.com\/wp-content\/uploads\/2026\/03\/download-1-100x100.png 100w\" sizes=\"(max-width: 490px) 100vw, 490px\" \/>\t\t\t\t\t\t\t\t<\/a>\n\t\t\t\t\t\t\t\t\t\t\t\t\t\t\t<\/div>\n\t\t\t\t<\/div>\n\t\t<div class=\"elementor-element elementor-element-be06053 e-con-full e-flex e-con e-child\" data-id=\"be06053\" data-element_type=\"container\" data-e-type=\"container\">\n\t\t\t\t<\/div>\n\t\t<div class=\"elementor-element elementor-element-8ed22ea e-con-full e-flex e-con e-child\" data-id=\"8ed22ea\" data-element_type=\"container\" data-e-type=\"container\">\n\t\t\t\t<\/div>\n\t\t<div class=\"elementor-element elementor-element-d3963bf e-con-full e-flex e-con e-child\" data-id=\"d3963bf\" data-element_type=\"container\" data-e-type=\"container\">\n\t\t\t\t<\/div>\n\t\t\t\t\t<\/div>\n\t\t\t\t<\/div>\n\t\t\t\t<\/div>","protected":false},"excerpt":{"rendered":"<p>EN &#8220;MyLoveMate is a Swedish-based social matching platform dedicated to meaningful connections. Our infrastructure is protected by Enterprise-grade security (Cloudflare) [&hellip;]<\/p>\n","protected":false},"author":1,"featured_media":0,"parent":0,"menu_order":0,"comment_status":"closed","ping_status":"closed","template":"","meta":{"_acf_changed":false,"site-sidebar-layout":"no-sidebar","site-content-layout":"","ast-site-content-layout":"full-width-container","site-content-style":"default","site-sidebar-style":"default","ast-global-header-display":"","ast-banner-title-visibility":"","ast-main-header-display":"","ast-hfb-above-header-display":"","ast-hfb-below-header-display":"","ast-hfb-mobile-header-display":"","site-post-title":"","ast-breadcrumbs-content":"","ast-featured-img":"disabled","footer-sml-layout":"","ast-disable-related-posts":"","theme-transparent-header-meta":"","adv-header-id-meta":"","stick-header-meta":"","header-above-stick-meta":"","header-main-stick-meta":"","header-below-stick-meta":"","astra-migrate-meta-layouts":"default","ast-page-background-enabled":"default","ast-page-background-meta":{"desktop":{"background-color":"var(--ast-global-color-5)","background-image":"","background-repeat":"repeat","background-position":"center center","background-size":"auto","background-attachment":"scroll","background-type":"","background-media":"","overlay-type":"","overlay-color":"","overlay-opacity":"","overlay-gradient":""},"tablet":{"background-color":"","background-image":"","background-repeat":"repeat","background-position":"center center","background-size":"auto","background-attachment":"scroll","background-type":"","background-media":"","overlay-type":"","overlay-color":"","overlay-opacity":"","overlay-gradient":""},"mobile":{"background-color":"","background-image":"","background-repeat":"repeat","background-position":"center center","background-size":"auto","background-attachment":"scroll","background-type":"","background-media":"","overlay-type":"","overlay-color":"","overlay-opacity":"","overlay-gradient":""}},"ast-content-background-meta":{"desktop":{"background-color":"var(--ast-global-color-4)","background-image":"","background-repeat":"repeat","background-position":"center center","background-size":"auto","background-attachment":"scroll","background-type":"","background-media":"","overlay-type":"","overlay-color":"","overlay-opacity":"","overlay-gradient":""},"tablet":{"background-color":"var(--ast-global-color-4)","background-image":"","background-repeat":"repeat","background-position":"center center","background-size":"auto","background-attachment":"scroll","background-type":"","background-media":"","overlay-type":"","overlay-color":"","overlay-opacity":"","overlay-gradient":""},"mobile":{"background-color":"var(--ast-global-color-4)","background-image":"","background-repeat":"repeat","background-position":"center center","background-size":"auto","background-attachment":"scroll","background-type":"","background-media":"","overlay-type":"","overlay-color":"","overlay-opacity":"","overlay-gradient":""}},"footnotes":""},"class_list":["post-2929","page","type-page","status-publish","hentry"],"acf":[],"yoast_head":"<!-- This site is optimized with the Yoast SEO plugin v27.6 - https:\/\/yoast.com\/product\/yoast-seo-wordpress\/ -->\n<title>About MyLoveMate | The Story Behind &#039;Long Nights in the North&#039;<\/title>\n<meta name=\"description\" content=\"Discover the MyLoveMate Mission &amp; Story. &#039;Long Nights in the North&#039;. Join a serious dating community built on real human values.\" \/>\n<meta name=\"robots\" content=\"index, follow, max-snippet:-1, max-image-preview:large, max-video-preview:-1\" \/>\n<link rel=\"canonical\" href=\"https:\/\/mylovemate.com\/ar\/om-oss\/\" \/>\n<meta property=\"og:locale\" content=\"ar_AR\" \/>\n<meta property=\"og:type\" content=\"article\" \/>\n<meta property=\"og:title\" content=\"About MyLoveMate | The Story Behind &#039;Long Nights in the North&#039;\" \/>\n<meta property=\"og:description\" content=\"Discover the MyLoveMate Mission &amp; Story. &#039;Long Nights in the North&#039;. Join a serious dating community built on real human values.\" \/>\n<meta property=\"og:url\" content=\"https:\/\/mylovemate.com\/ar\/om-oss\/\" \/>\n<meta property=\"og:site_name\" content=\"www.mylovemate.com\" \/>\n<meta property=\"article:modified_time\" content=\"2026-03-25T20:35:20+00:00\" \/>\n<meta property=\"og:image\" content=\"https:\/\/mylovemate.com\/wp-content\/uploads\/2026\/03\/a88fb69acf2c84ee1026dd0918cf922a.png\" \/>\n<meta name=\"twitter:card\" content=\"summary_large_image\" \/>\n<meta name=\"twitter:label1\" content=\"\u0648\u0642\u062a \u0627\u0644\u0642\u0631\u0627\u0621\u0629 \u0627\u0644\u0645\u064f\u0642\u062f\u0651\u0631\" \/>\n\t<meta name=\"twitter:data1\" content=\"\u062f\u0642\u064a\u0642\u0629 \u0648\u0627\u062d\u062f\u0629\" \/>\n<script type=\"application\/ld+json\" class=\"yoast-schema-graph\">{\"@context\":\"https:\\\/\\\/schema.org\",\"@graph\":[{\"@type\":\"WebPage\",\"@id\":\"https:\\\/\\\/mylovemate.com\\\/om-oss\\\/\",\"url\":\"https:\\\/\\\/mylovemate.com\\\/om-oss\\\/\",\"name\":\"About MyLoveMate | The Story Behind 'Long Nights in the North'\",\"isPartOf\":{\"@id\":\"https:\\\/\\\/mylovemate.com\\\/#website\"},\"primaryImageOfPage\":{\"@id\":\"https:\\\/\\\/mylovemate.com\\\/om-oss\\\/#primaryimage\"},\"image\":{\"@id\":\"https:\\\/\\\/mylovemate.com\\\/om-oss\\\/#primaryimage\"},\"thumbnailUrl\":\"https:\\\/\\\/mylovemate.com\\\/wp-content\\\/uploads\\\/2026\\\/03\\\/a88fb69acf2c84ee1026dd0918cf922a.png\",\"datePublished\":\"2026-03-25T04:48:17+00:00\",\"dateModified\":\"2026-03-25T20:35:20+00:00\",\"description\":\"Discover the MyLoveMate Mission & Story. 'Long Nights in the North'. Join a serious dating community built on real human values.\",\"breadcrumb\":{\"@id\":\"https:\\\/\\\/mylovemate.com\\\/om-oss\\\/#breadcrumb\"},\"inLanguage\":\"ar\",\"potentialAction\":[{\"@type\":\"ReadAction\",\"target\":[\"https:\\\/\\\/mylovemate.com\\\/om-oss\\\/\"]}]},{\"@type\":\"ImageObject\",\"inLanguage\":\"ar\",\"@id\":\"https:\\\/\\\/mylovemate.com\\\/om-oss\\\/#primaryimage\",\"url\":\"https:\\\/\\\/mylovemate.com\\\/wp-content\\\/uploads\\\/2026\\\/03\\\/a88fb69acf2c84ee1026dd0918cf922a.png\",\"contentUrl\":\"https:\\\/\\\/mylovemate.com\\\/wp-content\\\/uploads\\\/2026\\\/03\\\/a88fb69acf2c84ee1026dd0918cf922a.png\"},{\"@type\":\"BreadcrumbList\",\"@id\":\"https:\\\/\\\/mylovemate.com\\\/om-oss\\\/#breadcrumb\",\"itemListElement\":[{\"@type\":\"ListItem\",\"position\":1,\"name\":\"Home\",\"item\":\"https:\\\/\\\/mylovemate.com\\\/\"},{\"@type\":\"ListItem\",\"position\":2,\"name\":\"om oss\"}]},{\"@type\":\"WebSite\",\"@id\":\"https:\\\/\\\/mylovemate.com\\\/#website\",\"url\":\"https:\\\/\\\/mylovemate.com\\\/\",\"name\":\"https:\\\/\\\/mylovemate.com\\\/\",\"description\":\"Serious Dating Site for Real Relationships\",\"publisher\":{\"@id\":\"https:\\\/\\\/mylovemate.com\\\/#organization\"},\"alternateName\":\"My love mate\",\"potentialAction\":[{\"@type\":\"SearchAction\",\"target\":{\"@type\":\"EntryPoint\",\"urlTemplate\":\"https:\\\/\\\/mylovemate.com\\\/?s={search_term_string}\"},\"query-input\":{\"@type\":\"PropertyValueSpecification\",\"valueRequired\":true,\"valueName\":\"search_term_string\"}}],\"inLanguage\":\"ar\"},{\"@type\":\"Organization\",\"@id\":\"https:\\\/\\\/mylovemate.com\\\/#organization\",\"name\":\"My love mate\",\"url\":\"https:\\\/\\\/mylovemate.com\\\/\",\"logo\":{\"@type\":\"ImageObject\",\"inLanguage\":\"ar\",\"@id\":\"https:\\\/\\\/mylovemate.com\\\/#\\\/schema\\\/logo\\\/image\\\/\",\"url\":\"https:\\\/\\\/mylovemate.com\\\/wp-content\\\/uploads\\\/2026\\\/03\\\/cropped-adaptive-icon.png\",\"contentUrl\":\"https:\\\/\\\/mylovemate.com\\\/wp-content\\\/uploads\\\/2026\\\/03\\\/cropped-adaptive-icon.png\",\"width\":1022,\"height\":1022,\"caption\":\"My love mate\"},\"image\":{\"@id\":\"https:\\\/\\\/mylovemate.com\\\/#\\\/schema\\\/logo\\\/image\\\/\"}}]}<\/script>\n<!-- \/ Yoast SEO plugin. -->","yoast_head_json":{"title":"About MyLoveMate | The Story Behind 'Long Nights in the North'","description":"Discover the MyLoveMate Mission & Story. 'Long Nights in the North'. Join a serious dating community built on real human values.","robots":{"index":"index","follow":"follow","max-snippet":"max-snippet:-1","max-image-preview":"max-image-preview:large","max-video-preview":"max-video-preview:-1"},"canonical":"https:\/\/mylovemate.com\/ar\/om-oss\/","og_locale":"ar_AR","og_type":"article","og_title":"About MyLoveMate | The Story Behind 'Long Nights in the North'","og_description":"Discover the MyLoveMate Mission & Story. 'Long Nights in the North'. Join a serious dating community built on real human values.","og_url":"https:\/\/mylovemate.com\/ar\/om-oss\/","og_site_name":"www.mylovemate.com","article_modified_time":"2026-03-25T20:35:20+00:00","og_image":[{"url":"https:\/\/mylovemate.com\/wp-content\/uploads\/2026\/03\/a88fb69acf2c84ee1026dd0918cf922a.png","type":"","width":"","height":""}],"twitter_card":"summary_large_image","twitter_misc":{"\u0648\u0642\u062a \u0627\u0644\u0642\u0631\u0627\u0621\u0629 \u0627\u0644\u0645\u064f\u0642\u062f\u0651\u0631":"\u062f\u0642\u064a\u0642\u0629 \u0648\u0627\u062d\u062f\u0629"},"schema":{"@context":"https:\/\/schema.org","@graph":[{"@type":"WebPage","@id":"https:\/\/mylovemate.com\/om-oss\/","url":"https:\/\/mylovemate.com\/om-oss\/","name":"About MyLoveMate | The Story Behind 'Long Nights in the North'","isPartOf":{"@id":"https:\/\/mylovemate.com\/#website"},"primaryImageOfPage":{"@id":"https:\/\/mylovemate.com\/om-oss\/#primaryimage"},"image":{"@id":"https:\/\/mylovemate.com\/om-oss\/#primaryimage"},"thumbnailUrl":"https:\/\/mylovemate.com\/wp-content\/uploads\/2026\/03\/a88fb69acf2c84ee1026dd0918cf922a.png","datePublished":"2026-03-25T04:48:17+00:00","dateModified":"2026-03-25T20:35:20+00:00","description":"Discover the MyLoveMate Mission & Story. 'Long Nights in the North'. Join a serious dating community built on real human values.","breadcrumb":{"@id":"https:\/\/mylovemate.com\/om-oss\/#breadcrumb"},"inLanguage":"ar","potentialAction":[{"@type":"ReadAction","target":["https:\/\/mylovemate.com\/om-oss\/"]}]},{"@type":"ImageObject","inLanguage":"ar","@id":"https:\/\/mylovemate.com\/om-oss\/#primaryimage","url":"https:\/\/mylovemate.com\/wp-content\/uploads\/2026\/03\/a88fb69acf2c84ee1026dd0918cf922a.png","contentUrl":"https:\/\/mylovemate.com\/wp-content\/uploads\/2026\/03\/a88fb69acf2c84ee1026dd0918cf922a.png"},{"@type":"BreadcrumbList","@id":"https:\/\/mylovemate.com\/om-oss\/#breadcrumb","itemListElement":[{"@type":"ListItem","position":1,"name":"Home","item":"https:\/\/mylovemate.com\/"},{"@type":"ListItem","position":2,"name":"om oss"}]},{"@type":"WebSite","@id":"https:\/\/mylovemate.com\/#website","url":"https:\/\/mylovemate.com\/","name":"https:\/\/mylovemate.com\/","description":"\u0645\u0648\u0642\u0639 \u0645\u0648\u0627\u0639\u062f\u0629 \u062c\u0627\u062f \u0644\u0644\u0639\u0644\u0627\u0642\u0627\u062a \u0627\u0644\u062d\u0642\u064a\u0642\u064a\u0629","publisher":{"@id":"https:\/\/mylovemate.com\/#organization"},"alternateName":"My love mate","potentialAction":[{"@type":"SearchAction","target":{"@type":"EntryPoint","urlTemplate":"https:\/\/mylovemate.com\/?s={search_term_string}"},"query-input":{"@type":"PropertyValueSpecification","valueRequired":true,"valueName":"search_term_string"}}],"inLanguage":"ar"},{"@type":"Organization","@id":"https:\/\/mylovemate.com\/#organization","name":"My love mate","url":"https:\/\/mylovemate.com\/","logo":{"@type":"ImageObject","inLanguage":"ar","@id":"https:\/\/mylovemate.com\/#\/schema\/logo\/image\/","url":"https:\/\/mylovemate.com\/wp-content\/uploads\/2026\/03\/cropped-adaptive-icon.png","contentUrl":"https:\/\/mylovemate.com\/wp-content\/uploads\/2026\/03\/cropped-adaptive-icon.png","width":1022,"height":1022,"caption":"My love mate"},"image":{"@id":"https:\/\/mylovemate.com\/#\/schema\/logo\/image\/"}}]}},"_links":{"self":[{"href":"https:\/\/mylovemate.com\/ar\/wp-json\/wp\/v2\/pages\/2929","targetHints":{"allow":["GET"]}}],"collection":[{"href":"https:\/\/mylovemate.com\/ar\/wp-json\/wp\/v2\/pages"}],"about":[{"href":"https:\/\/mylovemate.com\/ar\/wp-json\/wp\/v2\/types\/page"}],"author":[{"embeddable":true,"href":"https:\/\/mylovemate.com\/ar\/wp-json\/wp\/v2\/users\/1"}],"replies":[{"embeddable":true,"href":"https:\/\/mylovemate.com\/ar\/wp-json\/wp\/v2\/comments?post=2929"}],"version-history":[{"count":10,"href":"https:\/\/mylovemate.com\/ar\/wp-json\/wp\/v2\/pages\/2929\/revisions"}],"predecessor-version":[{"id":2952,"href":"https:\/\/mylovemate.com\/ar\/wp-json\/wp\/v2\/pages\/2929\/revisions\/2952"}],"wp:attachment":[{"href":"https:\/\/mylovemate.com\/ar\/wp-json\/wp\/v2\/media?parent=2929"}],"curies":[{"name":"wp","href":"https:\/\/api.w.org\/{rel}","templated":true}]}}